{"id":29,"date":"2013-12-05T20:20:49","date_gmt":"2013-12-05T20:20:49","guid":{"rendered":"http:\/\/www.iessenara.es\/Revista\/?page_id=29"},"modified":"2013-12-05T20:22:27","modified_gmt":"2013-12-05T20:22:27","slug":"secciones","status":"publish","type":"page","link":"https:\/\/www.iessenara.es\/Revista\/?page_id=29","title":{"rendered":"Secciones"},"content":{"rendered":"<p>-\u00abAll\u00ed estuvimos\u00bb (Reportajes sobre actividades complementarias y extraescolares realizadas a lo largo del curso)<\/p>\n<p>-\u00abNuestra tierra\u00bb (Textos sobre historia, leyendas y tradiciones culturales de los pueblos de la comarca. Palabras y expresiones olvidadas)<\/p>\n<p>-\u00abVentana al mundo\u00bb (Experiencias y recomendaciones de viajes. Textos sobre costumbres y fiestas t\u00edpicas de otros pa\u00edses, elaborados por alumnos extranjeros)<\/p>\n<p>-\u00abDe charla con&#8230;\u00bb (Entrevistas a profesores, miembros del personal no docente y antiguos alumnos del instituto)<\/p>\n<p>-\u00abEn mis palabras\u00bb (Textos literarios de creaci\u00f3n propia: cuentos y microcuentos, poemas, art\u00edculos, etc.)<\/p>\n<p>-\u00abEl artista y la materia\u00bb (Creaciones art\u00edsticas de los alumnos: dibujos, fotograf\u00edas, caligramas, collages, etc.)<\/p>\n<p>-\u00abTe recomiendo&#8230;\u00bb (Sinopsis, cr\u00edtica y recomendaci\u00f3n de libros y pel\u00edculas)<\/p>\n<p>-\u00abPasando el rato\u00bb (Enigmas y pasatiempos de elaboraci\u00f3n propia, adivinanzas, etc.)<\/p>\n<p>-\u00abCaj\u00f3n de sastre\u00bb (Curiosidades de las lenguas, la historia, las matem\u00e1ticas y las ciencias en general. Chistes, refranes, citas c\u00e9lebres. Cualquier otro material de inter\u00e9s)<\/p>\n","protected":false},"excerpt":{"rendered":"<p>-\u00abAll\u00ed estuvimos\u00bb (Reportajes sobre actividades complementarias y extraescolares realizadas a lo largo del curso) -\u00abNuestra tierra\u00bb (Textos sobre historia, leyendas y tradiciones culturales de los pueblos de la comarca. Palabras y expresiones olvidadas) -\u00abVentana&#46;&#46;&#46;<\/p>\n","protected":false},"author":1,"featured_media":0,"parent":0,"menu_order":0,"comment_status":"open","ping_status":"open","template":"","meta":{"jetpack_post_was_ever_published":false},"jetpack_sharing_enabled":true,"jetpack_shortlink":"https:\/\/wp.me\/P5mbkp-t","_links":{"self":[{"href":"https:\/\/www.iessenara.es\/Revista\/index.php?rest_route=\/wp\/v2\/pages\/29"}],"collection":[{"href":"https:\/\/www.iessenara.es\/Revista\/index.php?rest_route=\/wp\/v2\/pages"}],"about":[{"href":"https:\/\/www.iessenara.es\/Revista\/index.php?rest_route=\/wp\/v2\/types\/page"}],"author":[{"embeddable":true,"href":"https:\/\/www.iessenara.es\/Revista\/index.php?rest_route=\/wp\/v2\/users\/1"}],"replies":[{"embeddable":true,"href":"https:\/\/www.iessenara.es\/Revista\/index.php?rest_route=%2Fwp%2Fv2%2Fcomments&post=29"}],"version-history":[{"count":2,"href":"https:\/\/www.iessenara.es\/Revista\/index.php?rest_route=\/wp\/v2\/pages\/29\/revisions"}],"predecessor-version":[{"id":32,"href":"https:\/\/www.iessenara.es\/Revista\/index.php?rest_route=\/wp\/v2\/pages\/29\/revisions\/32"}],"wp:attachment":[{"href":"https:\/\/www.iessenara.es\/Revista\/index.php?rest_route=%2Fwp%2Fv2%2Fmedia&parent=29"}],"curies":[{"name":"wp","href":"https:\/\/api.w.org\/{rel}","templated":true}]}}